{"id":443,"date":"2017-09-08T11:29:35","date_gmt":"2017-09-08T11:29:35","guid":{"rendered":"http:\/\/neu.schuerchkoellreuter.ch\/?page_id=443"},"modified":"2017-11-29T09:58:37","modified_gmt":"2017-11-29T09:58:37","slug":"team","status":"publish","type":"page","link":"https:\/\/www.schuerchkoellreuter.ch\/?page_id=443","title":{"rendered":"Sch\u00fcrch &#038; Koellreuter"},"content":{"rendered":"<p>&nbsp;<\/p>\n<blockquote><p>\u00abEigentlich sind wir von Beruf Touristinnen: Wir haben das Privileg, uns f\u00fcr einige Zeit vertieft mit einem Thema, einer Zeit zu befassen \u2013 und danach reisen wir wieder weiter.\u00bb<\/p><\/blockquote>\n<p>Kennengelernt haben wir uns im Verein Frauenstadtrundgang Basel. Sp\u00e4ter sind wir uns wieder begegnet als wir beide \u00fcber die Kulturgeschichte von Lebensmitteln arbeiteten. Seit der Gr\u00fcndung unseres B\u00fcros \u00ab<a href=\"http:\/\/www.schuerchkoellreuter.ch\/?page_id=472\">Sch\u00fcrch<\/a> &amp; <a href=\"http:\/\/www.schuerchkoellreuter.ch\/?page_id=643\">Koellreuter<\/a>. Kulturwissenschaft und Geschichte\u00bb im Jahr 2010 gehen wir gemeinsam auf historische und kulturelle Erkundungen.<\/p>\n<p>Als begeisterte Geisteswissenschaftlerinnen ist es uns ein Anliegen, Wissen einem breiten Publikum zug\u00e4nglich zu machen, zur Auseinandersetzung mit dem kulturellen Erbe zu animieren und das Interesse an historischen Themen zu f\u00f6rdern.<\/p>\n<p>Wir schreiben gerne B\u00fccher, konzipieren Ausstellungen und probieren auch immer wieder neue Formen der Vermittlung aus: Rundg\u00e4nge, H\u00f6rstationen, Vortr\u00e4ge, Theaterst\u00fccke, Pl\u00e4ne und Webseiten.<\/p>\n<p>An unseren Projekten arbeiten wir individuell (selten), gemeinsam (meistens) und in interdisziplin\u00e4r zusammengesetzten Teams (gerne).<\/p>\n","protected":false},"excerpt":{"rendered":"<p>&nbsp; \u00abEigentlich sind wir von Beruf Touristinnen: Wir haben das Privileg, uns f\u00fcr einige Zeit vertieft mit einem Thema, einer Zeit zu befassen \u2013 und danach reisen wir wieder weiter.\u00bb Kennengelernt haben wir uns im Verein Frauenstadtrundgang Basel. Sp\u00e4ter sind wir uns wieder begegnet als wir beide \u00fcber die Kulturgeschichte von Lebensmitteln arbeiteten. Seit der&hellip; <\/p>\n<p><a class=\"more-link\" href=\"https:\/\/www.schuerchkoellreuter.ch\/?page_id=443\">Read More &rarr;<\/a><\/p>\n","protected":false},"author":1,"featured_media":107,"parent":0,"menu_order":0,"comment_status":"closed","ping_status":"closed","template":"","meta":{"footnotes":""},"class_list":["post-443","page","type-page","status-publish","has-post-thumbnail","hentry"],"_links":{"self":[{"href":"https:\/\/www.schuerchkoellreuter.ch\/index.php?rest_route=\/wp\/v2\/pages\/443","targetHints":{"allow":["GET"]}}],"collection":[{"href":"https:\/\/www.schuerchkoellreuter.ch\/index.php?rest_route=\/wp\/v2\/pages"}],"about":[{"href":"https:\/\/www.schuerchkoellreuter.ch\/index.php?rest_route=\/wp\/v2\/types\/page"}],"author":[{"embeddable":true,"href":"https:\/\/www.schuerchkoellreuter.ch\/index.php?rest_route=\/wp\/v2\/users\/1"}],"replies":[{"embeddable":true,"href":"https:\/\/www.schuerchkoellreuter.ch\/index.php?rest_route=%2Fwp%2Fv2%2Fcomments&post=443"}],"version-history":[{"count":8,"href":"https:\/\/www.schuerchkoellreuter.ch\/index.php?rest_route=\/wp\/v2\/pages\/443\/revisions"}],"predecessor-version":[{"id":731,"href":"https:\/\/www.schuerchkoellreuter.ch\/index.php?rest_route=\/wp\/v2\/pages\/443\/revisions\/731"}],"wp:featuredmedia":[{"embeddable":true,"href":"https:\/\/www.schuerchkoellreuter.ch\/index.php?rest_route=\/wp\/v2\/media\/107"}],"wp:attachment":[{"href":"https:\/\/www.schuerchkoellreuter.ch\/index.php?rest_route=%2Fwp%2Fv2%2Fmedia&parent=443"}],"curies":[{"name":"wp","href":"https:\/\/api.w.org\/{rel}","templated":true}]}}